{"id":258,"date":"2021-05-12T14:22:37","date_gmt":"2021-05-12T14:22:37","guid":{"rendered":"http:\/\/46.101.118.149\/monreale\/visita\/"},"modified":"2022-09-16T11:53:50","modified_gmt":"2022-09-16T09:53:50","slug":"visita","status":"publish","type":"page","link":"https:\/\/www.duomochiostromonreale.it\/en\/visita\/","title":{"rendered":"Guided Tours"},"content":{"rendered":"\n<h3 class=\"wp-block-heading\">Visit Cloister<\/h3>\n\n<p>Il Chiostro, con le sue dimensioni e il fascino dell&#8217;architettura di tradizione araba, fornisce innumerevoli racconti che trattano di storia, arte e cultura. <\/p>\n\n<p>Una guida racconta gli aneddoti e i particolari dei ricchi capitelli istroriati, in cui si ritrovano temi legati all&#8217;iconografia religiosa, del Vecchio e del Nuovo Testamento, animali tratti dal bestiario medievale e della tradizione mediorientale a motivi fitomorfici.<\/p>\n\n<p>Durata : 1 h<br\/>per gruppi (max 30 persone)<br\/>\u20ac 100,00 + \u20ac 6,00 biglietto di ingresso Chiostro a persona<\/p>\n\n<hr class=\"wp-block-separator has-css-opacity is-style-wide\"\/>\n\n<h3 class=\"wp-block-heading\">I tesori del duomo di Monreale<\/h3>\n\n<p>Per la prima volta, un percorso di visita unico condurr\u00e0 il pubblico alla scoperta di uno dei pi\u00f9 importanti complessi monumentali del medioevo siculo-normanno, far\u00e0 comprendere l&#8217;idea fondante che mosse re Guglielmo II che volle fortemente la nascita non solo del Duomo di Monreale, ma dell&#8217;intero complesso abbaziale. <\/p>\n\n<p> Il percorso di visita guider\u00e0 i partecipanti nell&#8217;esplorazione del Duomo, legger\u00e0 il Vecchio e il Nuovo Testamento sui mosaici, ammirer\u00e0 il Cristo Pantocratore e passer\u00e0 quindi alla cappella del Crocifisso &#8211; meglio nota come Cappella Roano, dal nome del suo fondatore &#8211; che accoglie il Tesoro del Duomo; proseguendo poi, si visiter\u00e0 il Museo Diocesano, e l&#8217;aula capitolare di San Placido che ospitava l&#8217;assemblea dei monaci, per concludere la passeggiata lungo le terrazze e gli ambulacri del Chiostro.<\/p>\n\n<p>Durata: 2 h<br\/>per gruppi (max 30 persone)<br\/>\u20ac 160,00 + \u20ac 12,00 biglietto di ingresso Duomo e Chiostro a persona<\/p>\n\n<hr class=\"wp-block-separator has-css-opacity is-style-wide\"\/>\n\n<h3 class=\"wp-block-heading\">Il complesso abbaziale del duomo di Monreale<\/h3>\n\n<p>La storia e gli sviluppi storico-artistici del Complesso Abbaziale del Duomo di Monreale a cavallo tra la sua fondazione e la sua affermazione in un&#8217;occasione unica: una visita guidata del pi\u00f9 grande monumento normanno in Sicilia. <\/p>\n\n<p>Tra gli splendori dei mosaici bizantini e l&#8217;alternarsi delle colonnine scolpite del Chiostro, un percorso guidato alla scoperta di uno dei pi\u00f9 importanti siti dell&#8217;itinerario arabo-normanno di Palermo. Dal Chiostro dei Benedettini, dove si avvier\u00e0 la visita, attraverso uno speciale passaggio interno che rimette in comunicazione le due aree del complesso abbaziale, si acceder\u00e0 allo spazio sacro del Duomo, dove si concluder\u00e0 l&#8217;interessante itinerario.<\/p>\n\n<p>Durata: 1h<br\/>\u20ac 100,00 + \u20ac 4,00 biglietto di ingresso Duomo se il gruppo \u00e8 composto da pi\u00f9 di 10 pax + \u20ac 6,00 biglietto ingresso Chiostro<\/p>\n\n<p><\/p>\n","protected":false},"excerpt":{"rendered":"<p>Visit Cloister Il Chiostro, con le sue dimensioni e il fascino dell&#8217;architettura di tradizione araba, fornisce innumerevoli racconti che trattano di storia, arte e cultura. Una guida racconta gli aneddoti e i particolari dei ricchi capitelli istroriati, in cui si ritrovano temi legati all&#8217;iconografia religiosa, del Vecchio e del Nuovo Testamento, animali tratti dal bestiario<a class=\"excerpt-read-more\" href=\"https:\/\/www.duomochiostromonreale.it\/en\/visita\/\" title=\"ReadGuided Tours\">&#8230; Read more &raquo;<\/a><\/p>\n","protected":false},"author":6,"featured_media":408,"parent":0,"menu_order":0,"comment_status":"closed","ping_status":"closed","template":"templates\/page-visita.php","meta":{"inline_featured_image":false,"footnotes":""},"class_list":["post-258","page","type-page","status-publish","has-post-thumbnail","hentry"],"yoast_head":"<!-- This site is optimized with the Yoast SEO plugin v27.3 - https:\/\/yoast.com\/product\/yoast-seo-wordpress\/ -->\n<title>Guided Tours - Chiosto del Monreale<\/title>\n<meta name=\"robots\" content=\"noindex, follow, max-snippet:-1, max-image-preview:large, max-video-preview:-1\" \/>\n<meta property=\"og:locale\" content=\"en_US\" \/>\n<meta property=\"og:type\" content=\"article\" \/>\n<meta property=\"og:title\" content=\"Guided Tours - Chiosto del Monreale\" \/>\n<meta property=\"og:description\" content=\"Visit Cloister Il Chiostro, con le sue dimensioni e il fascino dell&#8217;architettura di tradizione araba, fornisce innumerevoli racconti che trattano di storia, arte e cultura. Una guida racconta gli aneddoti e i particolari dei ricchi capitelli istroriati, in cui si ritrovano temi legati all&#8217;iconografia religiosa, del Vecchio e del Nuovo Testamento, animali tratti dal bestiario... Read more &raquo;\" \/>\n<meta property=\"og:url\" content=\"https:\/\/www.duomochiostromonreale.it\/en\/visita\/\" \/>\n<meta property=\"og:site_name\" content=\"Chiosto del Monreale\" \/>\n<meta property=\"article:modified_time\" content=\"2022-09-16T09:53:50+00:00\" \/>\n<meta property=\"og:image\" content=\"https:\/\/www.duomochiostromonreale.it\/wp-content\/uploads\/2021\/06\/visite-guidate-min-min-scaled.jpeg\" \/>\n\t<meta property=\"og:image:width\" content=\"2560\" \/>\n\t<meta property=\"og:image:height\" content=\"1701\" \/>\n\t<meta property=\"og:image:type\" content=\"image\/jpeg\" \/>\n<meta name=\"twitter:card\" content=\"summary_large_image\" \/>\n<meta name=\"twitter:label1\" content=\"Est. reading time\" \/>\n\t<meta name=\"twitter:data1\" content=\"3 minutes\" \/>\n<script type=\"application\/ld+json\" class=\"yoast-schema-graph\">{\"@context\":\"https:\\\/\\\/schema.org\",\"@graph\":[{\"@type\":\"WebPage\",\"@id\":\"https:\\\/\\\/www.duomochiostromonreale.it\\\/en\\\/visita\\\/\",\"url\":\"https:\\\/\\\/www.duomochiostromonreale.it\\\/en\\\/visita\\\/\",\"name\":\"Guided Tours - Chiosto del Monreale\",\"isPartOf\":{\"@id\":\"https:\\\/\\\/www.duomochiostromonreale.it\\\/#website\"},\"primaryImageOfPage\":{\"@id\":\"https:\\\/\\\/www.duomochiostromonreale.it\\\/en\\\/visita\\\/#primaryimage\"},\"image\":{\"@id\":\"https:\\\/\\\/www.duomochiostromonreale.it\\\/en\\\/visita\\\/#primaryimage\"},\"thumbnailUrl\":\"https:\\\/\\\/www.duomochiostromonreale.it\\\/wp-content\\\/uploads\\\/2021\\\/06\\\/visite-guidate-min-min-scaled.jpeg\",\"datePublished\":\"2021-05-12T14:22:37+00:00\",\"dateModified\":\"2022-09-16T09:53:50+00:00\",\"inLanguage\":\"en-US\",\"potentialAction\":[{\"@type\":\"ReadAction\",\"target\":[\"https:\\\/\\\/www.duomochiostromonreale.it\\\/en\\\/visita\\\/\"]}]},{\"@type\":\"ImageObject\",\"inLanguage\":\"en-US\",\"@id\":\"https:\\\/\\\/www.duomochiostromonreale.it\\\/en\\\/visita\\\/#primaryimage\",\"url\":\"https:\\\/\\\/www.duomochiostromonreale.it\\\/wp-content\\\/uploads\\\/2021\\\/06\\\/visite-guidate-min-min-scaled.jpeg\",\"contentUrl\":\"https:\\\/\\\/www.duomochiostromonreale.it\\\/wp-content\\\/uploads\\\/2021\\\/06\\\/visite-guidate-min-min-scaled.jpeg\",\"width\":2560,\"height\":1701},{\"@type\":\"WebSite\",\"@id\":\"https:\\\/\\\/www.duomochiostromonreale.it\\\/#website\",\"url\":\"https:\\\/\\\/www.duomochiostromonreale.it\\\/\",\"name\":\"Chiosto del Monreale\",\"description\":\"\",\"potentialAction\":[{\"@type\":\"SearchAction\",\"target\":{\"@type\":\"EntryPoint\",\"urlTemplate\":\"https:\\\/\\\/www.duomochiostromonreale.it\\\/?s={search_term_string}\"},\"query-input\":{\"@type\":\"PropertyValueSpecification\",\"valueRequired\":true,\"valueName\":\"search_term_string\"}}],\"inLanguage\":\"en-US\"}]}<\/script>\n<!-- \/ Yoast SEO plugin. -->","yoast_head_json":{"title":"Guided Tours - Chiosto del Monreale","robots":{"index":"noindex","follow":"follow","max-snippet":"max-snippet:-1","max-image-preview":"max-image-preview:large","max-video-preview":"max-video-preview:-1"},"og_locale":"en_US","og_type":"article","og_title":"Guided Tours - Chiosto del Monreale","og_description":"Visit Cloister Il Chiostro, con le sue dimensioni e il fascino dell&#8217;architettura di tradizione araba, fornisce innumerevoli racconti che trattano di storia, arte e cultura. Una guida racconta gli aneddoti e i particolari dei ricchi capitelli istroriati, in cui si ritrovano temi legati all&#8217;iconografia religiosa, del Vecchio e del Nuovo Testamento, animali tratti dal bestiario... Read more &raquo;","og_url":"https:\/\/www.duomochiostromonreale.it\/en\/visita\/","og_site_name":"Chiosto del Monreale","article_modified_time":"2022-09-16T09:53:50+00:00","og_image":[{"width":2560,"height":1701,"url":"https:\/\/www.duomochiostromonreale.it\/wp-content\/uploads\/2021\/06\/visite-guidate-min-min-scaled.jpeg","type":"image\/jpeg"}],"twitter_card":"summary_large_image","twitter_misc":{"Est. reading time":"3 minutes"},"schema":{"@context":"https:\/\/schema.org","@graph":[{"@type":"WebPage","@id":"https:\/\/www.duomochiostromonreale.it\/en\/visita\/","url":"https:\/\/www.duomochiostromonreale.it\/en\/visita\/","name":"Guided Tours - Chiosto del Monreale","isPartOf":{"@id":"https:\/\/www.duomochiostromonreale.it\/#website"},"primaryImageOfPage":{"@id":"https:\/\/www.duomochiostromonreale.it\/en\/visita\/#primaryimage"},"image":{"@id":"https:\/\/www.duomochiostromonreale.it\/en\/visita\/#primaryimage"},"thumbnailUrl":"https:\/\/www.duomochiostromonreale.it\/wp-content\/uploads\/2021\/06\/visite-guidate-min-min-scaled.jpeg","datePublished":"2021-05-12T14:22:37+00:00","dateModified":"2022-09-16T09:53:50+00:00","inLanguage":"en-US","potentialAction":[{"@type":"ReadAction","target":["https:\/\/www.duomochiostromonreale.it\/en\/visita\/"]}]},{"@type":"ImageObject","inLanguage":"en-US","@id":"https:\/\/www.duomochiostromonreale.it\/en\/visita\/#primaryimage","url":"https:\/\/www.duomochiostromonreale.it\/wp-content\/uploads\/2021\/06\/visite-guidate-min-min-scaled.jpeg","contentUrl":"https:\/\/www.duomochiostromonreale.it\/wp-content\/uploads\/2021\/06\/visite-guidate-min-min-scaled.jpeg","width":2560,"height":1701},{"@type":"WebSite","@id":"https:\/\/www.duomochiostromonreale.it\/#website","url":"https:\/\/www.duomochiostromonreale.it\/","name":"Chiosto del Monreale","description":"","potentialAction":[{"@type":"SearchAction","target":{"@type":"EntryPoint","urlTemplate":"https:\/\/www.duomochiostromonreale.it\/?s={search_term_string}"},"query-input":{"@type":"PropertyValueSpecification","valueRequired":true,"valueName":"search_term_string"}}],"inLanguage":"en-US"}]}},"_links":{"self":[{"href":"https:\/\/www.duomochiostromonreale.it\/en\/wp-json\/wp\/v2\/pages\/258","targetHints":{"allow":["GET"]}}],"collection":[{"href":"https:\/\/www.duomochiostromonreale.it\/en\/wp-json\/wp\/v2\/pages"}],"about":[{"href":"https:\/\/www.duomochiostromonreale.it\/en\/wp-json\/wp\/v2\/types\/page"}],"author":[{"embeddable":true,"href":"https:\/\/www.duomochiostromonreale.it\/en\/wp-json\/wp\/v2\/users\/6"}],"replies":[{"embeddable":true,"href":"https:\/\/www.duomochiostromonreale.it\/en\/wp-json\/wp\/v2\/comments?post=258"}],"version-history":[{"count":1,"href":"https:\/\/www.duomochiostromonreale.it\/en\/wp-json\/wp\/v2\/pages\/258\/revisions"}],"predecessor-version":[{"id":797,"href":"https:\/\/www.duomochiostromonreale.it\/en\/wp-json\/wp\/v2\/pages\/258\/revisions\/797"}],"wp:featuredmedia":[{"embeddable":true,"href":"https:\/\/www.duomochiostromonreale.it\/en\/wp-json\/wp\/v2\/media\/408"}],"wp:attachment":[{"href":"https:\/\/www.duomochiostromonreale.it\/en\/wp-json\/wp\/v2\/media?parent=258"}],"curies":[{"name":"wp","href":"https:\/\/api.w.org\/{rel}","templated":true}]}}